{"id":31,"date":"2025-06-12T15:28:12","date_gmt":"2025-06-12T15:28:12","guid":{"rendered":"http:\/\/wordpress.stefanielucci.com\/?page_id=31"},"modified":"2026-04-04T16:34:51","modified_gmt":"2026-04-04T16:34:51","slug":"home","status":"publish","type":"page","link":"https:\/\/stefanielucci.com\/","title":{"rendered":"Home"},"content":{"rendered":"\n<div class=\"wp-block-group has-global-padding is-layout-constrained wp-block-group-is-layout-constrained\">\n<figure class=\"wp-block-pullquote\" style=\"font-size:clamp(1.146rem, 1.146rem + ((1vw - 0.2rem) * 0.818), 1.8rem);font-style:italic;font-weight:400\"><blockquote><p><br><strong>DIE KUNST IST EINE SPRACHE VON MENSCHEN ZU MENSCHEN. HIERIN LIEGT VIEL.<\/strong><\/p><cite><em><strong>Ernst Freiherr von Feuchtersleben (1806-1849)<\/strong><\/em><\/cite><\/blockquote><\/figure>\n\n\n\n<h3 class=\"wp-block-heading\" style=\"font-size:clamp(0.984rem, 0.984rem + ((1vw - 0.2rem) * 0.645), 1.5rem);\"><strong>SCHWERPUNKTE DES LEISTUNGSSPEKTRUMS<\/strong><\/h3>\n\n\n\n<ul class=\"wp-block-list\">\n<li><strong><a href=\"https:\/\/stefanielucci.com\/?page_id=33\" data-type=\"page\" data-id=\"33\">Sponsoringkonzepte, KUK\u2019s, CCR, CSR<\/a><\/strong>&nbsp;f\u00fcr Unternehmen, Institutionen, Vereine, Stiftungen und Individualisten<\/li>\n\n\n\n<li><a href=\"https:\/\/stefanielucci.com\/?page_id=105\" data-type=\"page\" data-id=\"105\">&nbsp;<strong>Kreative Unternehmensberatung<\/strong><\/a> in Prozessen unternehmerischer Erneuerung und Ver\u00e4nderung<\/li>\n\n\n\n<li><strong><a href=\"https:\/\/stefanielucci.com\/?page_id=78\">Kuratierung \/ Ausstellungsmanagement<\/a>, <a href=\"https:\/\/stefanielucci.com\/?page_id=86\" data-type=\"page\" data-id=\"86\">PR Arbeit<\/a><\/strong><\/li>\n\n\n\n<li><a href=\"https:\/\/stefanielucci.com\/?page_id=41\"><strong>K\u00fcnstlerprofessionalisierung<\/strong>&nbsp;<\/a>\/ Coaching<\/li>\n<\/ul>\n\n\n\n<figure class=\"wp-block-image size-full\"><img loading=\"lazy\" decoding=\"async\" width=\"800\" height=\"265\" src=\"https:\/\/stefanielucci.com\/wp-content\/uploads\/2025\/06\/kitstef.jpg\" alt=\"\" class=\"wp-image-57\" srcset=\"https:\/\/stefanielucci.com\/wp-content\/uploads\/2025\/06\/kitstef.jpg 800w, https:\/\/stefanielucci.com\/wp-content\/uploads\/2025\/06\/kitstef-300x99.jpg 300w, https:\/\/stefanielucci.com\/wp-content\/uploads\/2025\/06\/kitstef-768x254.jpg 768w\" sizes=\"auto, (max-width: 800px) 100vw, 800px\" \/><figcaption class=\"wp-element-caption\"><br><strong>Nachhaltige Kommunikation mittels Kunst bildet das Zentrum unserer Leistungen.<\/strong><\/figcaption><\/figure>\n\n\n\n<p><br>Mit der Passion f\u00fcr Kunst und eigenen <strong>interdisziplin\u00e4ren<\/strong> <strong>Erfahrungen<\/strong> aus unterschiedlichen Lebenswelten ber\u00e4t Sie Dr. Stefanie Lucci in allen Kunstfragen und begleitet unternehmerische Erneuerung wie auch K\u00fcnstler&#8217;innen in ihrer Entwicklung mittels <strong>kreativer Werkzeuge<\/strong>. Ihr <strong>Experten-Netzwerk<\/strong> an Kunsth\u00e4ndlern, professionellen K\u00fcnstlern, Kunstwissenschaftlern und -Kennern, Markenspezialisten, Unternehmens- und Rechtsberatern, PR-Profis und Psychologen b\u00fcndelt langj\u00e4hrige Erfahrung und schafft erfolgreiche Synergien. Dadurch ist Dr. Stefanie Lucci Art Affairs in der Lage, ein <strong>breites Spektrum an Dienstleistungen im Bereich Kunst<\/strong> und Unternehmensberatung anzubieten. Dabei wird insbesondere das <strong>dialogische Potential von Kunst<\/strong> und K\u00fcnstler&#8217;innen genutzt.<\/p>\n<\/div>\n\n\n\n<div style=\"height:80px\" aria-hidden=\"true\" class=\"wp-block-spacer\"><\/div>\n\n\n\n<h2 class=\"wp-block-heading\"><a href=\"https:\/\/stefanielucci.com\/?page_id=43\" data-type=\"page\" data-id=\"43\">News<\/a><\/h2>\n\n\n\n<div class=\"wp-block-query is-layout-flow wp-block-query-is-layout-flow\"><ul class=\"wp-block-post-template is-layout-flow wp-block-post-template-is-layout-flow\"><li class=\"wp-block-post post-1482 post type-post status-publish format-standard has-post-thumbnail hentry category-uncategorized\">\n\n<hr class=\"wp-block-separator has-alpha-channel-opacity\"\/>\n\n\n\n<div class=\"wp-block-columns are-vertically-aligned-center is-layout-flex wp-container-core-columns-is-layout-28f84493 wp-block-columns-is-layout-flex\">\n<div class=\"wp-block-column is-vertically-aligned-center is-layout-flow wp-block-column-is-layout-flow\" style=\"flex-basis:10%\"><figure class=\"wp-block-post-featured-image\"><a href=\"https:\/\/stefanielucci.com\/?p=1482\" target=\"_self\"  ><img loading=\"lazy\" decoding=\"async\" width=\"1080\" height=\"2400\" src=\"https:\/\/stefanielucci.com\/wp-content\/uploads\/2026\/04\/Screenshot_20260402_175225_Instagram.jpg\" class=\"attachment-full size-full wp-post-image\" alt=\"Appell an die Menschlichkeit\" style=\"object-fit:contain;\" srcset=\"https:\/\/stefanielucci.com\/wp-content\/uploads\/2026\/04\/Screenshot_20260402_175225_Instagram.jpg 1080w, https:\/\/stefanielucci.com\/wp-content\/uploads\/2026\/04\/Screenshot_20260402_175225_Instagram-135x300.jpg 135w, https:\/\/stefanielucci.com\/wp-content\/uploads\/2026\/04\/Screenshot_20260402_175225_Instagram-461x1024.jpg 461w, https:\/\/stefanielucci.com\/wp-content\/uploads\/2026\/04\/Screenshot_20260402_175225_Instagram-768x1707.jpg 768w, https:\/\/stefanielucci.com\/wp-content\/uploads\/2026\/04\/Screenshot_20260402_175225_Instagram-691x1536.jpg 691w, https:\/\/stefanielucci.com\/wp-content\/uploads\/2026\/04\/Screenshot_20260402_175225_Instagram-922x2048.jpg 922w\" sizes=\"auto, (max-width: 1080px) 100vw, 1080px\" \/><\/a><\/figure><\/div>\n\n\n\n<div class=\"wp-block-column is-vertically-aligned-center is-layout-flow wp-block-column-is-layout-flow\" style=\"flex-basis:90%\"><div class=\"wp-block-post-date\"><time datetime=\"2026-03-09T19:39:01+00:00\">M\u00e4rz 9, 2026<\/time><\/div>\n\n<h2 style=\"font-style:normal;font-weight:700;\" class=\"wp-block-post-title\"><a href=\"https:\/\/stefanielucci.com\/?p=1482\" target=\"_self\" >Appell an die Menschlichkeit<\/a><\/h2>\n\n\n\n<div class=\"wp-block-post-excerpt\"><p class=\"wp-block-post-excerpt__excerpt\">Rede zum Weltfrauentag Am 08. M\u00e4rz hielt Dr. Stefanie Lucci eine Rede im Kulturkaffee Caf\u00e9 Artists in D\u00fcsseldorf. Sie appellierte angesichts der vielen get\u00f6teten Frauen und M\u00e4dchen im Iran wie auch in der Ukraine und den weiteren gewaltt\u00e4tigen Pl\u00e4tzen in dieser unserer Welt an die Menschlichkeit. Basierend auf einer Veranstaltung, die der S\u00e4nger Konstantin Wecker&hellip; <\/p><\/div><\/div>\n<\/div>\n\n<\/li><li class=\"wp-block-post post-179 post type-post status-publish format-standard has-post-thumbnail hentry category-uncategorized\">\n\n<hr class=\"wp-block-separator has-alpha-channel-opacity\"\/>\n\n\n\n<div class=\"wp-block-columns are-vertically-aligned-center is-layout-flex wp-container-core-columns-is-layout-28f84493 wp-block-columns-is-layout-flex\">\n<div class=\"wp-block-column is-vertically-aligned-center is-layout-flow wp-block-column-is-layout-flow\" style=\"flex-basis:10%\"><figure class=\"wp-block-post-featured-image\"><a href=\"https:\/\/stefanielucci.com\/?p=179\" target=\"_self\"  ><img loading=\"lazy\" decoding=\"async\" width=\"474\" height=\"355\" src=\"https:\/\/stefanielucci.com\/wp-content\/uploads\/2026\/01\/Neujahr1.jpeg\" class=\"attachment-full size-full wp-post-image\" alt=\"Neujahrsbeginn!\" style=\"object-fit:contain;\" srcset=\"https:\/\/stefanielucci.com\/wp-content\/uploads\/2026\/01\/Neujahr1.jpeg 474w, https:\/\/stefanielucci.com\/wp-content\/uploads\/2026\/01\/Neujahr1-300x225.jpeg 300w\" sizes=\"auto, (max-width: 474px) 100vw, 474px\" \/><\/a><\/figure><\/div>\n\n\n\n<div class=\"wp-block-column is-vertically-aligned-center is-layout-flow wp-block-column-is-layout-flow\" style=\"flex-basis:90%\"><div class=\"wp-block-post-date\"><time datetime=\"2026-01-01T12:11:44+00:00\">Januar 1, 2026<\/time><\/div>\n\n<h2 style=\"font-style:normal;font-weight:700;\" class=\"wp-block-post-title\"><a href=\"https:\/\/stefanielucci.com\/?p=179\" target=\"_self\" >Neujahrsbeginn!<\/a><\/h2>\n\n\n\n<div class=\"wp-block-post-excerpt\"><p class=\"wp-block-post-excerpt__excerpt\">&#8222;Freiheit bedeutet Verantwortlichkeit. Das ist der Grund, weshalb die meisten Menschen sich vor ihr f\u00fcrchten.&#8220; Wilhelm Busch <\/p><\/div><\/div>\n<\/div>\n\n<\/li><li class=\"wp-block-post post-1276 post type-post status-publish format-standard has-post-thumbnail hentry category-uncategorized\">\n\n<hr class=\"wp-block-separator has-alpha-channel-opacity\"\/>\n\n\n\n<div class=\"wp-block-columns are-vertically-aligned-center is-layout-flex wp-container-core-columns-is-layout-28f84493 wp-block-columns-is-layout-flex\">\n<div class=\"wp-block-column is-vertically-aligned-center is-layout-flow wp-block-column-is-layout-flow\" style=\"flex-basis:10%\"><figure class=\"wp-block-post-featured-image\"><a href=\"https:\/\/stefanielucci.com\/?p=1276\" target=\"_self\"  ><img loading=\"lazy\" decoding=\"async\" width=\"1\" height=\"1\" src=\"https:\/\/stefanielucci.com\/wp-content\/uploads\/2025\/12\/hbk_logo_unterzeile.svg\" class=\"attachment-full size-full wp-post-image\" alt=\"CCAD schlie\u00dft die Pforten\" style=\"object-fit:contain;\" \/><\/a><\/figure><\/div>\n\n\n\n<div class=\"wp-block-column is-vertically-aligned-center is-layout-flow wp-block-column-is-layout-flow\" style=\"flex-basis:90%\"><div class=\"wp-block-post-date\"><time datetime=\"2025-12-29T14:24:27+00:00\">Dezember 29, 2025<\/time><\/div>\n\n<h2 style=\"font-style:normal;font-weight:700;\" class=\"wp-block-post-title\"><a href=\"https:\/\/stefanielucci.com\/?p=1276\" target=\"_self\" >CCAD schlie\u00dft die Pforten<\/a><\/h2>\n\n\n\n<div class=\"wp-block-post-excerpt\"><p class=\"wp-block-post-excerpt__excerpt\">Nach 3 Jahren schlie\u00dft das Competence Center for Arts and Design seine Pforten, da die HBK Essen nicht nur die Location \u00e4ndert, sondern auch ihr Angebot stark reduziert. Schade, aber es war eine gute Zeit und hat zahlreichen Studierenden sehr weiter geholfen, um notwendige Kompetenzen f\u00fcr den Markt zu erwerben. <\/p><\/div><\/div>\n<\/div>\n\n<\/li><li class=\"wp-block-post post-1478 post type-post status-publish format-standard has-post-thumbnail hentry category-uncategorized\">\n\n<hr class=\"wp-block-separator has-alpha-channel-opacity\"\/>\n\n\n\n<div class=\"wp-block-columns are-vertically-aligned-center is-layout-flex wp-container-core-columns-is-layout-28f84493 wp-block-columns-is-layout-flex\">\n<div class=\"wp-block-column is-vertically-aligned-center is-layout-flow wp-block-column-is-layout-flow\" style=\"flex-basis:10%\"><figure class=\"wp-block-post-featured-image\"><a href=\"https:\/\/stefanielucci.com\/?p=1478\" target=\"_self\"  ><img loading=\"lazy\" decoding=\"async\" width=\"895\" height=\"729\" src=\"https:\/\/stefanielucci.com\/wp-content\/uploads\/2026\/04\/IMG-20180929-WA0000.jpg\" class=\"attachment-full size-full wp-post-image\" alt=\"Ab jetzt ehrenamtlich\" style=\"object-fit:contain;\" srcset=\"https:\/\/stefanielucci.com\/wp-content\/uploads\/2026\/04\/IMG-20180929-WA0000.jpg 895w, https:\/\/stefanielucci.com\/wp-content\/uploads\/2026\/04\/IMG-20180929-WA0000-300x244.jpg 300w, https:\/\/stefanielucci.com\/wp-content\/uploads\/2026\/04\/IMG-20180929-WA0000-768x626.jpg 768w\" sizes=\"auto, (max-width: 895px) 100vw, 895px\" \/><\/a><\/figure><\/div>\n\n\n\n<div class=\"wp-block-column is-vertically-aligned-center is-layout-flow wp-block-column-is-layout-flow\" style=\"flex-basis:90%\"><div class=\"wp-block-post-date\"><time datetime=\"2025-08-04T06:42:34+00:00\">August 4, 2025<\/time><\/div>\n\n<h2 style=\"font-style:normal;font-weight:700;\" class=\"wp-block-post-title\"><a href=\"https:\/\/stefanielucci.com\/?p=1478\" target=\"_self\" >Ab jetzt ehrenamtlich<\/a><\/h2>\n\n\n\n<div class=\"wp-block-post-excerpt\"><p class=\"wp-block-post-excerpt__excerpt\">Ab August 2025 wird Dr. Stefanie Lucci ausschlie\u00dflich ehrenamtlich t\u00e4tig sein und ausgew\u00e4hlte Projekte unterst\u00fctzten und begleiten. <\/p><\/div><\/div>\n<\/div>\n\n<\/li><\/ul><\/div>\n\n\n\n<h2 class=\"wp-block-heading\"><a href=\"https:\/\/stefanielucci.com\/?page_id=43\" data-type=\"page\" data-id=\"43\">Weitere News<\/a><\/h2>\n","protected":false},"excerpt":{"rendered":"<p>DIE KUNST IST EINE SPRACHE VON MENSCHEN ZU MENSCHEN. HIERIN LIEGT VIEL. Ernst Freiherr von Feuchtersleben (1806-1849) SCHWERPUNKTE DES LEISTUNGSSPEKTRUMS Mit der Passion f\u00fcr Kunst und eigenen interdisziplin\u00e4ren Erfahrungen aus unterschiedlichen Lebenswelten ber\u00e4t Sie Dr. Stefanie Lucci in allen Kunstfragen und begleitet unternehmerische Erneuerung wie auch K\u00fcnstler&#8217;innen in ihrer Entwicklung mittels kreativer Werkzeuge. Ihr Experten-Netzwerk [&hellip;]<\/p>\n","protected":false},"author":1,"featured_media":0,"parent":1008,"menu_order":1,"comment_status":"closed","ping_status":"closed","template":"","meta":{"inline_featured_image":false,"footnotes":""},"class_list":["post-31","page","type-page","status-publish","hentry"],"_links":{"self":[{"href":"https:\/\/stefanielucci.com\/index.php?rest_route=\/wp\/v2\/pages\/31","targetHints":{"allow":["GET"]}}],"collection":[{"href":"https:\/\/stefanielucci.com\/index.php?rest_route=\/wp\/v2\/pages"}],"about":[{"href":"https:\/\/stefanielucci.com\/index.php?rest_route=\/wp\/v2\/types\/page"}],"author":[{"embeddable":true,"href":"https:\/\/stefanielucci.com\/index.php?rest_route=\/wp\/v2\/users\/1"}],"replies":[{"embeddable":true,"href":"https:\/\/stefanielucci.com\/index.php?rest_route=%2Fwp%2Fv2%2Fcomments&post=31"}],"version-history":[{"count":35,"href":"https:\/\/stefanielucci.com\/index.php?rest_route=\/wp\/v2\/pages\/31\/revisions"}],"predecessor-version":[{"id":1512,"href":"https:\/\/stefanielucci.com\/index.php?rest_route=\/wp\/v2\/pages\/31\/revisions\/1512"}],"up":[{"embeddable":true,"href":"https:\/\/stefanielucci.com\/index.php?rest_route=\/wp\/v2\/pages\/1008"}],"wp:attachment":[{"href":"https:\/\/stefanielucci.com\/index.php?rest_route=%2Fwp%2Fv2%2Fmedia&parent=31"}],"curies":[{"name":"wp","href":"https:\/\/api.w.org\/{rel}","templated":true}]}}