{"id":41,"date":"2025-06-12T15:32:50","date_gmt":"2025-06-12T15:32:50","guid":{"rendered":"http:\/\/wordpress.stefanielucci.com\/?page_id=41"},"modified":"2025-12-31T13:59:30","modified_gmt":"2025-12-31T13:59:30","slug":"kuenstler-professionalisierung","status":"publish","type":"page","link":"https:\/\/stefanielucci.com\/?page_id=41","title":{"rendered":"K\u00fcnstler Professionalisierung"},"content":{"rendered":"\n<figure class=\"wp-block-pullquote has-x-large-font-size\"><blockquote><p><em>Leicht kommt man an das Bildermalen, doch schwer an Leute, die&#8217;s bezahlen<\/em><\/p><cite><em>Wilhelm Busch (1832-1908)<\/em><\/cite><\/blockquote><\/figure>\n\n\n\n<p>Dr. Stefanie Lucci Art Affairs unterst\u00fctzt Sie dabei, sich<strong>&nbsp;im Markt und Kunstgeschehen professionell aufzustellen<\/strong>. Vielfach gehen praktische Verfahrensweisen und ihre Umsetzungen im Alltag, im Kunstschaffen und w\u00e4hrend der Ausbildung einfach unter. Deswegen hat Dr. Stefanie Lucci<strong>&nbsp;speziell auf K\u00fcnstler&#8217;innen ausgerichtete Seminare&nbsp;<\/strong>entwickelt, die helfen, sich besser zu orientieren und Fertigkeiten dazu zugewinnen. Sie k\u00f6nnen zwischen Einzelterminen, individuellem <strong>Coaching, Seminaren<\/strong> und <strong>Workshops <\/strong>w\u00e4hlen.<\/p>\n\n\n\n<h2 class=\"wp-block-heading\" style=\"font-size:clamp(1.146rem, 1.146rem + ((1vw - 0.2rem) * 0.818), 1.8rem);\">Leistungen<\/h2>\n\n\n<div class=\"lightweight-accordion has-text-color has-background\"><details><summary class=\"lightweight-accordion-title\" style=\"color:#0010c8;background:#FFFFFF;\"><span><strong>PR UND SELBSTMARKETING F\u00dcR K\u00dcNSTLER&#8217;INNEN UND KUNSTSTUDENT&#8217;INNEN<\/strong><\/span><\/summary><div class=\"lightweight-accordion-body\" style=\"border-color:#FFFFFF;\">\n\n<p><strong>Wie verh\u00e4lt sich der Kunstmarkt<\/strong>, sind Ihre k\u00fcnstlerischen Ziele umsetzbar und wie k\u00f6nnen Sie ein&nbsp;<strong>passendes Konzept der Eigenvermarktung<\/strong>&nbsp;entwickeln? Diese Fragen stellen sich nicht erst nach dem Abschluss des Studiums. Individuell oder in kleinen Gruppen (max. 5 Personen) werden&nbsp;<strong>praxisnahe Managementinstrumente&nbsp;<\/strong>vorgestellt, die Ihnen helfen, sich professionell im Markt zu platzieren. Folgende Punkte sind Inhalte von&nbsp;<strong>Seminaren, Workshops und Einzelcoachings:<\/strong><\/p>\n\n\n\n<p>F\u00fcr K\u00fcnstler&#8217;innen und Student&#8217;innen ab dem 6. Semester.<\/p>\n\n\n\n<p><strong>INHALTE<\/strong><\/p>\n\n\n\n<p><strong>Kunstmarkt<\/strong><br>Die Protagonisten und das Gesch\u00e4ftsgebahren des Kunstmarktes<br><br><strong>Wie geht es nach der Akademie weiter?<\/strong><br>Sozialversicherung, Steuern, Geld verdienen etc.<br><br><strong>Wie sehe ich mich selbst, wo will ich hin?<\/strong><br>Selbstanalyse, Zielplanung, Zielsetzung und Durchf\u00fchrung<br><br><strong>Wie vermarkte ich mich selbst?<\/strong><br>Praxisnahe Instrumente helfen Ihnen, sich zu positionieren.<br><br><strong>Wie finde ich eine Galerie, eine Ausstellungsm\u00f6glichkeit?<\/strong><br>Welche Galerien und Institute passen zu mir und warum, welche Ausstellungsorte gibt es dar\u00fcber hinaus?<br><br><strong>Wie pr\u00e4sentiere ich mich?<\/strong><br>Zwischen Visitenkarte und der Homepage liegen zahlreiche M\u00f6glichkeiten, sich zu pr\u00e4sentieren, aber welche sind sinnvoll und passen zu mir?<br><br><strong>Wie kontaktiere ich Galerien, Museen, Sammlungen etc.?<\/strong><br>Schriftlich, pers\u00f6nlich, telefonisch, per E-Mail?<br><br><strong>Was sind die absoluten No-Goes?<\/strong><br>Die Szene reagiert sensibel auf jeden faux pas, also gut die grunds\u00e4tzlichen Spielregeln zu kennen.<br><br><strong>Wie gehe ich mit meinen Gesch\u00e4ftspartner&#8217;innen um (Galerien, Museen, K\u00e4ufer, Kritiker etc.)?<\/strong><br>Vertr\u00e4ge, Transporte, Ausstellungsgarantien, Messepr\u00e4senz, Kosten und Kostenbeteiligungen, Prozente, Preisgestaltung, Sponsoring etc.<br><br><strong>Ausschreibungen, Kunstpreise, Wettbewerbe<\/strong><br>Konzepterstellung, Pr\u00e4sentation, Umsetzung<br><br><strong>Stipendien, Dozenturen, Professuren<\/strong><br>Konzepterstellung, Pr\u00e4sentation, Umsetzung<br><br><strong>Nutzung neuer Medien<br><\/strong>Netzwerken ist in aller Munde, doch was ist tats\u00e4chlich sinnvoll?<br><br><strong>Ausstellungsmanagement<\/strong><br>Vertr\u00e4ge, Kuratierung der Ausstellung, Transporte, Kosten und Kostenbeteiligungen, Vernissage etc.<br><br><strong>Wie erreiche ich die Presse?<\/strong><br>Pressekontakte und Pressetexte, Mailings, Aktionen<\/p>\n\n<\/div><\/details><\/div>\n\n<div class=\"lightweight-accordion has-text-color has-background\"><details><summary class=\"lightweight-accordion-title\" style=\"color:#0010c8;background:#FFFFFF;\"><span><strong>KUNSTPREISE \/ STIPENDIEN \/ WETTBEWERBE<\/strong><\/span><\/summary><div class=\"lightweight-accordion-body\" style=\"border-color:#FFFFFF;\">\n\n<p><strong>Kunstpreise, Stipendien und Wettbewerbe<\/strong>&nbsp;stellen f\u00fcr viele K\u00fcnstler&nbsp;<strong>wertvolle Ressourcen<\/strong>&nbsp;dar. Doch genauso gro\u00df sind oftmals auch die Hindernisse, die sie dabei zu \u00fcberwinden haben. In einem mehrst\u00fcndigen Seminar werden die&nbsp;<strong>Grundz\u00fcge einer professionellen Bewerbung<\/strong>&nbsp;vermittelt.<\/p>\n\n\n\n<p><strong>INHALTE<\/strong><\/p>\n\n\n\n<p><strong>Recherche geeigneter Stipendien und Wettbewerbe<\/strong><br>Wie finde ich Stipendien und Wettbewerbe und welche passen zu mir, worauf muss ich achten, welche Fragen sind im Vorfeld abzukl\u00e4ren?<br><br><strong>Erstellung eines schl\u00fcssiges Konzepts<\/strong><br>Wie gehe ich auf die besonderen Erfordernisse der Ausschreibungen ein und kontextualisiere meine Arbeiten optimal? Wie verfasse ich ein ansprechendes, kurzes und klares Konzept?<br><br><strong>Gestaltung der Bewerbung<\/strong><br>Was geh\u00f6rt in die Unterlagen und wie gestalte ich sie ansprechend, so dass ich meine Chancen verbessere?<br><br><strong>Anschreiben<\/strong><br>Wie wird ein Anschreiben gegliedert und was geh\u00f6rt hinein? Was ist auf jeden Fall zu vermeiden?<br><br><strong>Texte zur eigenen Arbeit<\/strong><br>Wie erstelle ich Texte zu meiner Kunst und was geh\u00f6rt dazu?<br><br><strong>Praktische Tipps<\/strong><br>Sowohl im Vorfeld als auch nach der Absendung der Bewerbungen sind einige Dinge sehr hilfreich zu wissen. Praxisnahe Tipps helfen Ihnen, Ihre Chancen zu optimieren.<\/p>\n\n<\/div><\/details><\/div>\n\n<div class=\"lightweight-accordion has-text-color has-background\"><details><summary class=\"lightweight-accordion-title\" style=\"color:#0010c8;background:#FFFFFF;\"><span><strong>PORTFOLIO<\/strong><\/span><\/summary><div class=\"lightweight-accordion-body\" style=\"border-color:#FFFFFF;\">\n\n<p>Ob zur Vorstellung bei einer Galerie und Institution oder zwecks Bewerbung f\u00fcr Stipendien, Kunstpreise und Ausschreibungen. Stets ist das&nbsp;<strong>Portfolio die Visitenkarte der K\u00fcnstler&#8217;innen.<\/strong>&nbsp;Mit der Eigenpr\u00e4sentation stehen und fallen die Chancen. In diesem Seminar werden zahlreiche&nbsp;<strong>M\u00f6glichkeiten<\/strong>&nbsp;vermittelt, ein&nbsp;<strong>ansprechendes Portfolio zu Ihnen und Ihren Arbeiten<\/strong>&nbsp;zu erstellen.<\/p>\n\n\n\n<p><strong>INHALTE<\/strong><\/p>\n\n\n\n<p><strong>Inhalte eines Portfolios<\/strong><br>Was geh\u00f6rt hinein und was nicht, und in welcher Reihenfolge?<br><br><strong>K\u00fcnstlerstatement<\/strong><br>Wie schreibe ich ein kurzen, pr\u00e4gnanten Text zu meinen Arbeiten?<br><br><strong>Biographie<\/strong><br>Wie wird eine Biographie aufgebaut und was geh\u00f6rt hinein?<br><br><strong>Zusammenstellung eines Portfolios<\/strong><br>Nicht nur die L\u00e4nge der Texte sollte bedacht werden, auch die Anzahl der Abbildungen und vor allem welche?<br><br><strong>Gestaltung eines Portfolios<\/strong><br>Wie gestalte ich ein Portfolio, das zu mir und meinen Arbeiten passt? Wie erreiche visuell schon im ersten Augenblick meine Zielgruppen?<\/p>\n\n<\/div><\/details><\/div>\n\n<div class=\"lightweight-accordion has-text-color has-background\"><details><summary class=\"lightweight-accordion-title\" style=\"color:#0010c8;background:#FFFFFF;\"><span><strong>PRESSEARBEIT<\/strong><\/span><\/summary><div class=\"lightweight-accordion-body\" style=\"border-color:#FFFFFF;\">\n\n<p>Auch K\u00fcnstler&#8217;innen haben oftmals Pressearbeit zu leisten. In diesem Workshop wird das&nbsp;<strong>1&#215;1 einer professionellen PR-Arbeit<\/strong>&nbsp;vermittelt.<\/p>\n\n\n\n<p><strong>INHALTE<\/strong><\/p>\n\n\n\n<p><strong>Pressetexte<\/strong><br>Wie wird ein professioneller Pressetext aufgebaut?<br><br><strong>Timing<\/strong><br>Wie erreiche ich die Presse, welche Deadlines sind zu beachten und welche Ma\u00dfnahmen muss ich schalten, um Aufmerksamkeit zu erhalten?<br><br><strong>Verteiler<\/strong><br>Wie erstelle und pflege ich einen Presseverteiler?<br><br><strong>Platzierung<\/strong><br>Welche Medien schreibe ich an und wie kann ich mich selbst platzieren?<br><br><strong>Medien<\/strong><br>Wie schicke ich meine Meldungen raus?<br><br><strong>Kontakte und Kontaktpflege<\/strong><br>Wie stelle ich Pressekontakte her und was ist bei der Pflege der Kontakte zu beachten?<br><br><strong>No-Goes<\/strong><br>Was ist bei der Presse und den Medien unbedingt zu beachten und wie vermeide ich Fehler?<\/p>\n\n<\/div><\/details><\/div>\n\n<div class=\"lightweight-accordion has-text-color has-background\"><details><summary class=\"lightweight-accordion-title\" style=\"color:#0010c8;background:#FFFFFF;\"><span><strong>K\u00dcNSTLER-STATEMENTS<\/strong><\/span><\/summary><div class=\"lightweight-accordion-body\" style=\"border-color:#FFFFFF;\">\n\n<p>Immer wieder werden K\u00fcnstler&#8217;innen um Statements zu ihren Werken gebeten.\u2028 F\u00fcr Galeristen, Journalisten, Kuratoren und Sammler sind&nbsp;<strong>Statements oftmals Grundlage weiterer Arbeit<\/strong>, ob Text, Pressemeldung oder Vermittlung. \u2028Doch auch&nbsp;<strong>f\u00fcr die eigene Pr\u00e4sentation<\/strong>&nbsp;sind Statements von Vorteil, u.a. f\u00fcr Bewerbungen um Stipendien, Kunstpreise, f\u00fcr die eigene Homepage, das Portfolio, Kataloge, die eigene Pressearbeit.\u2028 In diesem&nbsp;<strong>Workshop<\/strong>&nbsp;erstellen wir gemeinsam<strong>&nbsp;kurze Statements zu Ihren Arbeiten<\/strong>, auf denen Sie in Zukunft aufbauen k\u00f6nnen.\u2028<\/p>\n\n\n\n<p><strong>INHALTE<\/strong><br><br><strong>Formen<br><\/strong>Neben dem klassischen Statement gibt viele Variationen, eine Aussage zu den eigenen Arbeiten zu formulieren, \u00fcber Gedichte, Kochrezepte bis hin zu Korrespondenzen. Im Workshop werden verschiedene Beispiele vorgestellt.<br><br><strong>Aufbau<br><\/strong>Wie wird ein Statement optimal gegliedert.<br><br><strong>Inhalte<br><\/strong>Was geh\u00f6rt in ein Statement und was nicht.<br><br><strong>Stil<br><\/strong>Der Esel nennt sich immer zuerst. Daneben gibt es noch viele Feinheiten, damit ein Statement gelingt, um beispielsweise nicht in eigener und somit peinlicher Kunstkritik zu m\u00fcnden.<br><br><strong>Ziele<br><\/strong>Was kann und soll mit einem Statement erreicht werden?<\/p>\n\n<\/div><\/details><\/div>\n\n<div class=\"lightweight-accordion has-text-color has-background\"><details><summary class=\"lightweight-accordion-title\" style=\"color:#0010c8;background:#FFFFFF;\"><span><strong>AUSSTELLUNGSMANAGEMENT<\/strong><\/span><\/summary><div class=\"lightweight-accordion-body\" style=\"border-color:#FFFFFF;\">\n\n<p>Ob in Eigenregie, mit Institutionen oder Galerien, die&nbsp;<strong>Anforderungen an eine Ausstellung<\/strong>&nbsp;\u00e4hneln sich. In diesem Seminar erfahren Sie, worauf zu achten ist.<\/p>\n\n\n\n<p><strong>INHALTE<\/strong><\/p>\n\n\n\n<p><strong>Kuratierung<\/strong><br>Wie erstelle ich ein ansprechendes und \u00fcberzeugendes Ausstellungskonzept?<br><br><strong>Ausstellungsorte<\/strong><br>Nicht nur Museen und Galerien sind Orte, an denen die eigenen Arbeiten ausgestellt werden k\u00f6nnen. Daneben gibt es eine Vielzahl an Alternativen. Wie finde ich nun die geeigneten Ausstellungsorte und wie kann ich den Kontakt kn\u00fcpfen und mein Vorhaben vorstellen?<br><br><strong>Pressearbeit<\/strong><br>Gute Pressearbeit erh\u00f6ht entscheidend die Aufmerksamkeit, die eine Ausstellung erfahren wird. In kurzen Z\u00fcgen werden die Basics einer professionellen Pressearbeit vorgestellt.<br><br><strong>Begleitprogramm<\/strong><br>Ist ein Begleitprogramm sinnvoll f\u00fcr die Ausstellung und wenn ja, welches?<br><br><strong>Werbung<\/strong><br>Welche Werbema\u00dfnahmen sind f\u00fcr eine Ausstellung hilfreich und sinnvoll?<br><br><strong>Organisation<\/strong><br>Was muss ich bei der Organisation alles beachten, damit ein reibungsloser Ablauf gew\u00e4hrleistet ist und ich alle Deadlines einhalte?<br><br><strong>Einladungsmanagement<\/strong><br>Mit dem Einladungsmanagement steht und f\u00e4llt das Event. Was ist genau zu beachten und was zu vermeiden, damit m\u00f6glichst viele Besucher die Ausstellung sehen und das nicht nur zur Vernissage?<br><br><strong>Kosten<\/strong><br>Wie erstelle ich einen genauen Kostenplan, so dass mich hinterher nicht ungewollte \u00dcberraschungen einholen?<\/p>\n\n<\/div><\/details><\/div>\n\n\n<p><strong>Dr. Stefanie Lucci Art Affairs \u00fcbernimmt keine direkte Vermittlung von Galerien und Ausstellungsm\u00f6glichkeiten f\u00fcr K\u00fcnstler&#8217;innen.<\/strong><\/p>\n","protected":false},"excerpt":{"rendered":"<p>Leicht kommt man an das Bildermalen, doch schwer an Leute, die&#8217;s bezahlen Wilhelm Busch (1832-1908) Dr. Stefanie Lucci Art Affairs unterst\u00fctzt Sie dabei, sich&nbsp;im Markt und Kunstgeschehen professionell aufzustellen. Vielfach gehen praktische Verfahrensweisen und ihre Umsetzungen im Alltag, im Kunstschaffen und w\u00e4hrend der Ausbildung einfach unter. Deswegen hat Dr. Stefanie Lucci&nbsp;speziell auf K\u00fcnstler&#8217;innen ausgerichtete Seminare&nbsp;entwickelt, [&hellip;]<\/p>\n","protected":false},"author":1,"featured_media":0,"parent":1008,"menu_order":5,"comment_status":"closed","ping_status":"closed","template":"","meta":{"inline_featured_image":false,"footnotes":""},"class_list":["post-41","page","type-page","status-publish","hentry"],"_links":{"self":[{"href":"https:\/\/stefanielucci.com\/index.php?rest_route=\/wp\/v2\/pages\/41","targetHints":{"allow":["GET"]}}],"collection":[{"href":"https:\/\/stefanielucci.com\/index.php?rest_route=\/wp\/v2\/pages"}],"about":[{"href":"https:\/\/stefanielucci.com\/index.php?rest_route=\/wp\/v2\/types\/page"}],"author":[{"embeddable":true,"href":"https:\/\/stefanielucci.com\/index.php?rest_route=\/wp\/v2\/users\/1"}],"replies":[{"embeddable":true,"href":"https:\/\/stefanielucci.com\/index.php?rest_route=%2Fwp%2Fv2%2Fcomments&post=41"}],"version-history":[{"count":15,"href":"https:\/\/stefanielucci.com\/index.php?rest_route=\/wp\/v2\/pages\/41\/revisions"}],"predecessor-version":[{"id":1462,"href":"https:\/\/stefanielucci.com\/index.php?rest_route=\/wp\/v2\/pages\/41\/revisions\/1462"}],"up":[{"embeddable":true,"href":"https:\/\/stefanielucci.com\/index.php?rest_route=\/wp\/v2\/pages\/1008"}],"wp:attachment":[{"href":"https:\/\/stefanielucci.com\/index.php?rest_route=%2Fwp%2Fv2%2Fmedia&parent=41"}],"curies":[{"name":"wp","href":"https:\/\/api.w.org\/{rel}","templated":true}]}}